{"id":4066,"date":"2021-07-08T08:43:05","date_gmt":"2021-07-08T08:43:05","guid":{"rendered":"https:\/\/visitax.eu\/contact-us\/"},"modified":"2025-04-19T07:57:46","modified_gmt":"2025-04-19T07:57:46","slug":"nous-contacter","status":"publish","type":"page","link":"https:\/\/visitax.eu\/fr\/nous-contacter\/","title":{"rendered":"Nous contacter"},"content":{"rendered":"<style>.kb-row-layout-id4066_dd24b4-9a > .kt-row-column-wrap{align-content:start;}:where(.kb-row-layout-id4066_dd24b4-9a > .kt-row-column-wrap) > .wp-block-kadence-column{justify-content:start;}.kb-row-layout-id4066_dd24b4-9a > .kt-row-column-wrap{column-gap:var(--global-kb-gap-lg, 4rem);row-gap:var(--global-kb-gap-md, 2rem);padding-top:var(--global-kb-spacing-sm, 1.5rem);padding-bottom:var(--global-kb-spacing-sm, 1.5rem);grid-template-columns:repeat(2, minmax(0, 1fr));}.kb-row-layout-id4066_dd24b4-9a > .kt-row-layout-overlay{opacity:0.30;}@media all and (max-width: 1024px){.kb-row-layout-id4066_dd24b4-9a > .kt-row-column-wrap{grid-template-columns:repeat(2, minmax(0, 1fr));}}@media all and (max-width: 767px){.kb-row-layout-id4066_dd24b4-9a > .kt-row-column-wrap{grid-template-columns:minmax(0, 1fr);}}<\/style><div class=\"kb-row-layout-wrap kb-row-layout-id4066_dd24b4-9a alignnone wp-block-kadence-rowlayout\"><div class=\"kt-row-column-wrap kt-has-2-columns kt-row-layout-equal kt-tab-layout-inherit kt-mobile-layout-row kt-row-valign-top\">\n<style>.kadence-column4066_19e83f-a4 > .kt-inside-inner-col,.kadence-column4066_19e83f-a4 > .kt-inside-inner-col:before{border-top-left-radius:0px;border-top-right-radius:0px;border-bottom-right-radius:0px;border-bottom-left-radius:0px;}.kadence-column4066_19e83f-a4 > .kt-inside-inner-col{column-gap:var(--global-kb-gap-sm, 1rem);}.kadence-column4066_19e83f-a4 > .kt-inside-inner-col{flex-direction:column;}.kadence-column4066_19e83f-a4 > .kt-inside-inner-col > .aligncenter{width:100%;}.kadence-column4066_19e83f-a4 > .kt-inside-inner-col:before{opacity:0.3;}.kadence-column4066_19e83f-a4{position:relative;}@media all and (max-width: 1024px){.kadence-column4066_19e83f-a4 > .kt-inside-inner-col{flex-direction:column;justify-content:center;}}@media all and (max-width: 767px){.kadence-column4066_19e83f-a4 > .kt-inside-inner-col{flex-direction:column;justify-content:center;}}<\/style>\n<div class=\"wp-block-kadence-column kadence-column4066_19e83f-a4\"><div class=\"kt-inside-inner-col\"><style>.kb-image4066_34301a-56 .kb-image-has-overlay:after{opacity:0.3;}<\/style>\n<figure class=\"wp-block-kadence-image kb-image4066_34301a-56 size-full\"><img loading=\"lazy\" decoding=\"async\" width=\"1024\" height=\"683\" src=\"https:\/\/visitax.eu\/wp-content\/uploads\/2021\/07\/contact-us2.jpg\" alt=\"\" class=\"kb-img wp-image-101\" srcset=\"https:\/\/visitax.eu\/wp-content\/uploads\/2021\/07\/contact-us2.jpg 1024w, https:\/\/visitax.eu\/wp-content\/uploads\/2021\/07\/contact-us2-300x200.jpg 300w, https:\/\/visitax.eu\/wp-content\/uploads\/2021\/07\/contact-us2-768x512.jpg 768w\" sizes=\"auto, (max-width: 1024px) 100vw, 1024px\" \/><\/figure>\n\n\n\n<p><strong>Coordonn\u00e9es t\u00e9l\u00e9phoniques :<\/strong><\/p>\n\n\n\n<ul class=\"wp-block-list\">\n<li>+1 (954) 769 0584<\/li>\n<\/ul>\n\n\n\n<p><strong>Heures d\u2019ouverture :<\/strong><\/p>\n\n\n\n<ul class=\"wp-block-list\">\n<li>Du lundi au vendredi : 9h00 \u00e0 18h00 (EST, GMT-5)<\/li>\n<\/ul>\n\n\n\n<p><strong>Adresse du bureau:<\/strong>:<\/p>\n\n\n\n<ul class=\"wp-block-list\">\n<li>Globovista LLC<\/li>\n\n\n\n<li>10661 North Kendall Drive, Suite 206-A<\/li>\n\n\n\n<li>Miami, FL 33176<\/li>\n\n\n\n<li>\u00c9tats-Unis<\/li>\n<\/ul>\n\n\n\n<p>Si vous avez d\u2019autres questions, n\u2019h\u00e9sitez pas \u00e0 nous contacter via les canaux fournis !<\/p>\n<\/div><\/div>\n\n\n<style>.kadence-column4066_a19307-fd > .kt-inside-inner-col,.kadence-column4066_a19307-fd > .kt-inside-inner-col:before{border-top-left-radius:0px;border-top-right-radius:0px;border-bottom-right-radius:0px;border-bottom-left-radius:0px;}.kadence-column4066_a19307-fd > .kt-inside-inner-col{column-gap:var(--global-kb-gap-sm, 1rem);}.kadence-column4066_a19307-fd > .kt-inside-inner-col{flex-direction:column;}.kadence-column4066_a19307-fd > .kt-inside-inner-col > .aligncenter{width:100%;}.kadence-column4066_a19307-fd > .kt-inside-inner-col:before{opacity:0.3;}.kadence-column4066_a19307-fd{position:relative;}@media all and (max-width: 1024px){.kadence-column4066_a19307-fd > .kt-inside-inner-col{flex-direction:column;justify-content:center;}}@media all and (max-width: 767px){.kadence-column4066_a19307-fd > .kt-inside-inner-col{flex-direction:column;justify-content:center;}}<\/style>\n<div class=\"wp-block-kadence-column kadence-column4066_a19307-fd\"><div class=\"kt-inside-inner-col\"><style id=\"wpforms-css-vars-7419-block-834ea350-7684-4fe0-b8df-14c8a183a395\">\n\t\t\t\t#wpforms-7419.wpforms-block-834ea350-7684-4fe0-b8df-14c8a183a395 {\n\t\t\t\t--wpforms-button-background-color: var(--global-palette1);\n--wpforms-field-size-input-height: 43px;\n--wpforms-field-size-input-spacing: 15px;\n--wpforms-field-size-font-size: 16px;\n--wpforms-field-size-line-height: 19px;\n--wpforms-field-size-padding-h: 14px;\n--wpforms-field-size-checkbox-size: 16px;\n--wpforms-field-size-sublabel-spacing: 5px;\n--wpforms-field-size-icon-size: 1;\n--wpforms-label-size-font-size: 16px;\n--wpforms-label-size-line-height: 19px;\n--wpforms-label-size-sublabel-font-size: 14px;\n--wpforms-label-size-sublabel-line-height: 17px;\n--wpforms-button-size-font-size: 17px;\n--wpforms-button-size-height: 41px;\n--wpforms-button-size-padding-h: 15px;\n--wpforms-button-size-margin-top: 10px;\n--wpforms-container-shadow-size-box-shadow: none;\n\t\t\t}\n\t\t\t<\/style><div class=\"wpforms-container wpforms-container-full wpforms-block wpforms-block-834ea350-7684-4fe0-b8df-14c8a183a395 wpforms-render-modern\" id=\"wpforms-7419\"><form id=\"wpforms-form-7419\" class=\"wpforms-validate wpforms-form wpforms-ajax-form\" data-formid=\"7419\" method=\"post\" enctype=\"multipart\/form-data\" action=\"\/fr\/wp-json\/wp\/v2\/pages\/4066\" data-token=\"08d50a80fdd24748d7afe6cd35a418ae\" data-token-time=\"1776863168\"><noscript class=\"wpforms-error-noscript\">Veuillez activer JavaScript dans votre navigateur pour remplir ce formulaire.<\/noscript><div id=\"wpforms-error-noscript\" style=\"display: none;\">Veuillez activer JavaScript dans votre navigateur pour remplir ce formulaire.<\/div><div class=\"wpforms-field-container\">\t\t<div id=\"wpforms-7419-field_4-container\"\n\t\t\tclass=\"wpforms-field wpforms-field-text\"\n\t\t\tdata-field-type=\"text\"\n\t\t\tdata-field-id=\"4\"\n\t\t\t>\n\t\t\t<label class=\"wpforms-field-label\" for=\"wpforms-7419-field_4\" >E-mail Name Message<\/label>\n\t\t\t<input type=\"text\" id=\"wpforms-7419-field_4\" class=\"wpforms-field-medium\" name=\"wpforms[fields][4]\" >\n\t\t<\/div>\n\t\t<div id=\"wpforms-7419-field_1-container\" class=\"wpforms-field wpforms-field-text\" data-field-id=\"1\"><label class=\"wpforms-field-label\" for=\"wpforms-7419-field_1\">Name <span class=\"wpforms-required-label\" aria-hidden=\"true\">*<\/span><\/label><input type=\"text\" id=\"wpforms-7419-field_1\" class=\"wpforms-field-large wpforms-field-required\" name=\"wpforms[fields][1]\" aria-errormessage=\"wpforms-7419-field_1-error\" required><\/div><div id=\"wpforms-7419-field_2-container\" class=\"wpforms-field wpforms-field-email\" data-field-id=\"2\"><label class=\"wpforms-field-label\" for=\"wpforms-7419-field_2\">E-mail <span class=\"wpforms-required-label\" aria-hidden=\"true\">*<\/span><\/label><input type=\"email\" id=\"wpforms-7419-field_2\" class=\"wpforms-field-large wpforms-field-required\" name=\"wpforms[fields][2]\" spellcheck=\"false\" aria-errormessage=\"wpforms-7419-field_2-error\" required><\/div><div id=\"wpforms-7419-field_3-container\" class=\"wpforms-field wpforms-field-textarea\" data-field-id=\"3\"><label class=\"wpforms-field-label\" for=\"wpforms-7419-field_3\">Message<\/label><textarea id=\"wpforms-7419-field_3\" class=\"wpforms-field-medium\" name=\"wpforms[fields][3]\" aria-errormessage=\"wpforms-7419-field_3-error\" ><\/textarea><\/div><script>\n\t\t\t\t( function() {\n\t\t\t\t\tconst style = document.createElement( 'style' );\n\t\t\t\t\tstyle.appendChild( document.createTextNode( '#wpforms-7419-field_4-container { position: absolute !important; overflow: hidden !important; display: inline !important; height: 1px !important; width: 1px !important; z-index: -1000 !important; padding: 0 !important; } #wpforms-7419-field_4-container input { visibility: hidden; } #wpforms-conversational-form-page #wpforms-7419-field_4-container label { counter-increment: none; }' ) );\n\t\t\t\t\tdocument.head.appendChild( style );\n\t\t\t\t\tdocument.currentScript?.remove();\n\t\t\t\t} )();\n\t\t\t<\/script><\/div><!-- .wpforms-field-container --><div class=\"wpforms-recaptcha-container wpforms-is-recaptcha wpforms-is-recaptcha-type-v2\" ><div class=\"g-recaptcha\" data-sitekey=\"6LfD8bMaAAAAAAK3pbDOoBIVR8o7G7XeYK6lY5YQ\"><\/div><input type=\"text\" name=\"g-recaptcha-hidden\" class=\"wpforms-recaptcha-hidden\" style=\"position:absolute!important;clip:rect(0,0,0,0)!important;height:1px!important;width:1px!important;border:0!important;overflow:hidden!important;padding:0!important;margin:0!important;\" data-rule-recaptcha=\"1\"><\/div><div class=\"wpforms-submit-container\" ><input type=\"hidden\" name=\"wpforms[id]\" value=\"7419\"><input type=\"hidden\" name=\"page_title\" value=\"\"><input type=\"hidden\" name=\"page_url\" value=\"https:\/\/visitax.eu\/fr\/wp-json\/wp\/v2\/pages\/4066\"><input type=\"hidden\" name=\"url_referer\" value=\"\"><button type=\"submit\" name=\"wpforms[submit]\" id=\"wpforms-submit-7419\" class=\"wpforms-submit\" data-alt-text=\"Sending...\" data-submit-text=\"Submit\" aria-live=\"assertive\" value=\"wpforms-submit\">Submit<\/button><img loading=\"lazy\" decoding=\"async\" src=\"https:\/\/visitax.eu\/wp-content\/plugins\/wpforms\/assets\/images\/submit-spin.svg\" class=\"wpforms-submit-spinner\" style=\"display: none;\" width=\"26\" height=\"26\" alt=\"Chargement en cours\"><\/div><\/form><\/div>  <!-- .wpforms-container --><\/div><\/div>\n\n<\/div><\/div>","protected":false},"excerpt":{"rendered":"<p>Coordonn\u00e9es t\u00e9l\u00e9phoniques : Heures d\u2019ouverture : Adresse du bureau:: Si vous avez d\u2019autres questions, n\u2019h\u00e9sitez pas \u00e0 nous contacter via les canaux fournis !<\/p>\n","protected":false},"author":1,"featured_media":0,"parent":0,"menu_order":0,"comment_status":"closed","ping_status":"closed","template":"","meta":{"_kad_blocks_custom_css":"","_kad_blocks_head_custom_js":"","_kad_blocks_body_custom_js":"","_kad_blocks_footer_custom_js":"","_kad_post_transparent":"default","_kad_post_title":"default","_kad_post_layout":"default","_kad_post_sidebar_id":"","_kad_post_content_style":"default","_kad_post_vertical_padding":"default","_kad_post_feature":"","_kad_post_feature_position":"","_kad_post_header":false,"_kad_post_footer":false,"_kad_post_classname":"","footnotes":""},"class_list":["post-4066","page","type-page","status-publish","hentry"],"taxonomy_info":[],"featured_image_src_large":false,"author_info":{"display_name":"Brian Croley","author_link":"https:\/\/visitax.eu\/fr\/author\/infovisitax-eu\/"},"comment_info":0,"_links":{"self":[{"href":"https:\/\/visitax.eu\/fr\/wp-json\/wp\/v2\/pages\/4066","targetHints":{"allow":["GET"]}}],"collection":[{"href":"https:\/\/visitax.eu\/fr\/wp-json\/wp\/v2\/pages"}],"about":[{"href":"https:\/\/visitax.eu\/fr\/wp-json\/wp\/v2\/types\/page"}],"author":[{"embeddable":true,"href":"https:\/\/visitax.eu\/fr\/wp-json\/wp\/v2\/users\/1"}],"replies":[{"embeddable":true,"href":"https:\/\/visitax.eu\/fr\/wp-json\/wp\/v2\/comments?post=4066"}],"version-history":[{"count":0,"href":"https:\/\/visitax.eu\/fr\/wp-json\/wp\/v2\/pages\/4066\/revisions"}],"wp:attachment":[{"href":"https:\/\/visitax.eu\/fr\/wp-json\/wp\/v2\/media?parent=4066"}],"curies":[{"name":"wp","href":"https:\/\/api.w.org\/{rel}","templated":true}]}}