{"id":280,"date":"2021-08-09T09:18:13","date_gmt":"2021-08-09T09:18:13","guid":{"rendered":"https:\/\/visitax.eu\/terms-and-conditions\/"},"modified":"2024-04-11T13:59:22","modified_gmt":"2024-04-11T13:59:22","slug":"terms-and-conditions","status":"publish","type":"page","link":"https:\/\/visitax.eu\/it\/terms-and-conditions\/","title":{"rendered":"Termini e Condizioni"},"content":{"rendered":"\r\n<p>Ogni volta che visiti il nostro sito Web o effettui un acquisto da noi, stai utilizzando il nostro &#8220;Servizio&#8221; e accetti i nostri termini e condizioni (&#8220;Termini e condizioni&#8221;).<\/p>\r\n\r\n\r\n\r\n<p>I visitatori sono prontamente vincolati dai termini e dalle condizioni.<\/p>\r\n\r\n\r\n\r\n<p>Questi includono clienti, acquirenti, browser, autori di contenuti e chiunque altro utilizzi il sito web.<\/p>\r\n\r\n\r\n\r\n<p>I termini &#8220;tu&#8221; e &#8220;tuo&#8221; si riferiscono a persone che utilizzano il sito Web per compilare una domanda per se stessi o per un&#8217;altra persona, nota come &#8220;richiedente&#8221;.<\/p>\r\n\r\n\r\n\r\n<p>I termini &#8220;noi&#8221; e &#8220;nostro&#8221; si applicano solo al sito web.<\/p>\r\n\r\n\r\n\r\n<p>Ti invitiamo caldamente a leggere i nostri Termini e Condizioni prima di utilizzare i servizi sul nostro sito web.<\/p>\r\n\r\n\r\n\r\n<p>Quando ti sei iscritto al nostro sito Web, hai immediatamente accettato i Termini e condizioni.<\/p>\r\n\r\n\r\n\r\n<p>Non sarai autorizzato a utilizzare il nostro sito Web o alcuno dei suoi servizi se non accetti i nostri termini e condizioni per qualsiasi motivo.<\/p>\r\n\r\n\r\n\r\n<p>Se i presenti Termini e condizioni sono considerati un&#8217;offerta, l&#8217;accettazione \u00e8 esplicitamente limitata ai presenti Termini e condizioni.<\/p>\r\n\r\n\r\n\r\n<p>Noi, &#8220;noi&#8221;, &#8220;nostro&#8221;, &#8220;amministratore&#8221;, &#8220;fornitore di servizi&#8221; e &#8220;l&#8217;azienda&#8221; fanno tutti riferimento al nostro sito web visitax.eu.<\/p>\r\n\r\n\r\n\r\n<h2 class=\"wp-block-heading\"><strong>Informazioni sui nostri servizi<\/strong><\/h2>\r\n\r\n\r\n\r\n<p>Il nostro scopo principale \u00e8 fornire informazioni sulla procedura di autorizzazione al viaggio per i cittadini non messicani che intendono visitare Quintana Roo.<\/p>\r\n\r\n\r\n\r\n<p>Abbiamo agenti esperti in grado di fornirti informazioni precise sulla procedura di richiesta e sulle leggi di viaggio messicane.<\/p>\r\n\r\n\r\n\r\n<p>I nostri rappresentanti possono essere raggiunti tramite e-mail se sono necessarie ulteriori informazioni o chiarimenti per completare la domanda.<\/p>\r\n\r\n\r\n\r\n<p>Non forniremo consulenza legale e non siamo collegati ad alcuna autorit\u00e0 governativa.<\/p>\r\n\r\n\r\n\r\n<p>Se hai bisogno di assistenza legale sulla tua domanda, contatta i servizi legali appropriati sotto forma di un avvocato.<\/p>\r\n\r\n\r\n\r\n<p>Tutti i contenuti del nostro sito Web si basano su informazioni pubbliche correnti rilasciate dalle autorit\u00e0 messicane e provengono da fonti credibili.<\/p>\r\n\r\n\r\n\r\n<p>Il nostro sito Web \u00e8 stato creato in modo tale da poter raccogliere facilmente informazioni pertinenti e affidabili attraverso un portale online.<\/p>\r\n\r\n\r\n\r\n<p>Qualsiasi informazione su questo sito web, tuttavia, dovrebbe essere utilizzata solo a rischio dell&#8217;utente.<\/p>\r\n\r\n\r\n\r\n<p>In caso di domande o problemi relativi alle informazioni su questo sito Web, contattare il servizio clienti.<\/p>\r\n\r\n\r\n\r\n<p>Cerchiamo di fornire le informazioni pi\u00f9 aggiornate e accurate possibili e monitoriamo ed esaminiamo continuamente i nuovi regolamenti e processi governativi.<\/p>\r\n<h2><strong>Cancellazione e rimborso<\/strong><\/h2>\r\n<p>Quando viene presentata una domanda sul sito Web, ha inizio il processo di ottenimento dell&#8217;autorizzazione per conto del nostro cliente.<br \/>Questo processo non \u00e8 gratuito. Per tale motivo una richiesta di rimborso sar\u00e0 accettate solo se effettuata prima dell&#8217;inizio di tale processo di ottenimento.<\/p>\r\n<p>Essendo il processo di ottenimento dell&#8217;autorizazzione a pagamento, non possiamo onorare alcuna richiesta di cancellazione o rimborso ricevuta dopo che abbiamo inviato it documento di viaggio approvato al cliente. In questo caso infatti, il costo del servizio per l&#8217;elaborazione e l&#8217;ottenimento dell&#8217;autorizzazione del viaggiatore \u00e8 gi\u00e0 stato pagato da parte nostra.<br \/>Un rimborso del 100% \u00e8 dovuto nel caso in cui siamo stati contattati prima dell&#8217;inizio del processo di ottenimento, o il documento di viaggio non \u00e8 stato approvato dall&#8217;autorit\u00e0 di immigrazione.<\/p>\r\n\r\n\r\n\r\n<h2 class=\"wp-block-heading\"><strong>Cookies<\/strong><\/h2>\r\n\r\n\r\n\r\n<p>I cookie sono piccoli file di testo che inviamo al tuo computer o dispositivo mobile.<\/p>\r\n\r\n\r\n\r\n<p>Sono specifici dell&#8217;account o del browser.<\/p>\r\n\r\n\r\n\r\n<p>I cookie di sessione sono cookie transitori che persistono solo mentre il browser \u00e8 attivo e vengono rimossi istantaneamente quando lo chiudi.<\/p>\r\n\r\n\r\n\r\n<p>I cookie persistenti rimangono nel tuo browser fino a quando non vengono eliminati o scadono.<\/p>\r\n\r\n\r\n\r\n<p>Per maggiori informazioni sui cookie, vai su http:\/\/ www. Allaboutcookies .org\/.<\/p>\r\n\r\n\r\n\r\n<p>La Societ\u00e0 utilizza cookie e tecnologie correlate come gif a pixel singolo e web beacon.<\/p>\r\n\r\n\r\n\r\n<p>Il nostro sito web utilizza cookie sia di sessione che permanenti.<\/p>\r\n\r\n\r\n\r\n<p>Impostiamo e accediamo ai cookie sui domini gestiti dalla Societ\u00e0 e dalle sue affiliate aziendali.<\/p>\r\n\r\n\r\n\r\n<p>Vengono utilizzati anche cookie di terze parti, come Google Analytics.<\/p>\r\n\r\n\r\n\r\n<p>Alcuni cookie sono correlati al tuo account e alle informazioni personali per ricordare che sei loggato e in quali aree di lavoro sei loggato.<\/p>\r\n\r\n\r\n\r\n<p>Altri cookie non sono associati al tuo account, ma sono unici e ci aiutano nell&#8217;analisi e nella personalizzazione, tra le altre cose.<\/p>\r\n\r\n\r\n\r\n<p>I cookie possono essere utilizzati per riconoscerti, ricordare le tue scelte e offrirti un&#8217;esperienza su misura che sia coerente con le tue scelte quando visiti il \u200b\u200bnostro sito Web o utilizzi i nostri servizi.<\/p>\r\n\r\n\r\n\r\n<p>I cookie aiutano anche a velocizzare e proteggere le tue interazioni.<\/p>\r\n\r\n\r\n\r\n<figure class=\"wp-block-table\">\r\n<table>\r\n<thead>\r\n<tr>\r\n<td><strong>Categorie di utilizzo<\/strong><\/td>\r\n<td><strong>Descrizione<\/strong><\/td>\r\n<\/tr>\r\n<\/thead>\r\n<tbody>\r\n<tr>\r\n<td>Autenticazione<\/td>\r\n<td>I cookie ci aiutano a mostrarti le informazioni giuste e a personalizzare la tua esperienza se hai effettuato l&#8217;accesso ai nostri Servizi.<\/td>\r\n<\/tr>\r\n<tr>\r\n<td>Sicurezza<\/td>\r\n<td>I cookie vengono utilizzati per abilitare e supportare le nostre funzionalit\u00e0 di sicurezza, nonch\u00e9 per aiutare nel rilevamento di attivit\u00e0 dannose.<\/td>\r\n<\/tr>\r\n<tr>\r\n<td>Preferenze, caratteristiche e servizi<\/td>\r\n<td>I cookie possono dirci quale lingua preferisci e come preferisci comunicare. Possono semplificare la compilazione dei moduli sui nostri siti Web. Ti offrono anche funzionalit\u00e0, approfondimenti e contenuti personalizzati.<\/td>\r\n<\/tr>\r\n<tr>\r\n<td>Marketing<\/td>\r\n<td>I cookie possono essere utilizzati per aiutare nella fornitura di campagne di marketing e nel monitoraggio della loro efficacia (ad esempio, un utente ha visitato il nostro Centro assistenza e poi ha effettuato un acquisto). Inoltre, i nostri partner possono utilizzare i cookie per fornirci informazioni sulle tue esperienze con i loro servizi, ma il loro utilizzo \u00e8 soggetto alle politiche del fornitore di servizi. I cookie possono essere utilizzati per aiutare nella fornitura di campagne di marketing e nel monitoraggio della loro efficacia. Allo stesso modo, i nostri partner possono utilizzare i cookie per fornirci informazioni sulle tue esperienze con i loro servizi, ma il loro utilizzo sar\u00e0 regolato dalle politiche del fornitore di servizi.<\/td>\r\n<\/tr>\r\n<tr>\r\n<td>Prestazioni, analisi e ricerca<\/td>\r\n<td>I cookie ci aiutano a determinare l&#8217;efficacia del nostro sito Web e dei nostri servizi. Utilizziamo inoltre i cookie per comprendere, sviluppare e studiare meglio prodotti, funzionalit\u00e0 e servizi, nonch\u00e9 per tenere traccia dei dispositivi utilizzati per accedere ai nostri siti Web e servizi, come il computer di lavoro o il dispositivo mobile.<\/td>\r\n<\/tr>\r\n<\/tbody>\r\n<\/table>\r\n<\/figure>\r\n\r\n\r\n\r\n<p>I cookie e altre tecnologie pubblicitarie come beacon, pixel e tag ci aiutano a pubblicizzare agli utenti che noi e i nostri partner riteniamo possano essere interessati alla Societ\u00e0 in modo pi\u00f9 efficace.<\/p>\r\n\r\n\r\n\r\n<p>Ci aiutano anche a fornire audit, analisi e rapporti aggregati, oltre a farci sapere quando il contenuto \u00e8 stato visualizzato dall&#8217;utente.<\/p>\r\n\r\n\r\n\r\n<p>Alcune persone scelgono di non accettare i cookie, motivo per cui la maggior parte dei browser consente di gestire i cookie in base alle proprie preferenze.<\/p>\r\n\r\n\r\n\r\n<p>\u00c8 possibile impostare regole per gestire i cookie sito per sito in determinati browser, offrendo un controllo della privacy pi\u00f9 preciso.<\/p>\r\n\r\n\r\n\r\n<p>Ci\u00f2 significa che puoi bloccare i cookie di tutti i siti tranne quelli che conosci e di cui ti fidi.<\/p>\r\n\r\n\r\n\r\n<h2 class=\"wp-block-heading\"><strong>Utilizzo del sito web<\/strong><\/h2>\r\n\r\n\r\n\r\n<p>Utilizzando il nostro sito Web, accetti di utilizzarlo esclusivamente per scopi personali.<\/p>\r\n\r\n\r\n\r\n<p>Non \u00e8 consentito scaricare, modificare o alterare alcuna parte del sito Web per utilizzarlo per scopi commerciali come rivendita o pubblicit\u00e0.<\/p>\r\n\r\n\r\n\r\n<p>La societ\u00e0 privata, noi siamo l&#8217;unico proprietario di questo sito Web privato.<\/p>\r\n\r\n\r\n\r\n<h2 class=\"wp-block-heading\"><strong>Programmi di affiliazione<\/strong><\/h2>\r\n\r\n\r\n\r\n<p>Al momento non sono disponibili programmi di affiliazione.<\/p>\r\n\r\n\r\n\r\n<h2 class=\"wp-block-heading\"><strong>Licenza Sito web e design del logo<\/strong><\/h2>\r\n\r\n\r\n\r\n<p>Tutto il materiale creato su questo sito Web \u00e8 di nostra propriet\u00e0.<\/p>\r\n\r\n\r\n\r\n<p>Questi includono testo, immagini, loghi, icone di pulsanti, immagini, raccolte di dati e programmi.<\/p>\r\n\r\n\r\n\r\n<p>Tutti i contenuti sono protetti dalle leggi internazionali sul copyright e sui marchi.<\/p>\r\n\r\n\r\n\r\n<p>Le nostre raccolte di contenuti sono protette dalle leggi della nazione in cui operiamo.<\/p>\r\n\r\n\r\n\r\n<p>Il software utilizzato su questo sito Web \u00e8 di propriet\u00e0 esclusiva del sito Web ed \u00e8 protetto dalle leggi sul copyright locali e internazionali, nonch\u00e9 dai fornitori di software.<\/p>\r\n\r\n\r\n\r\n<h2 class=\"wp-block-heading\"><strong>Avviso legale e disclaimer<\/strong><\/h2>\r\n\r\n\r\n\r\n<p>Questo sito Web non \u00e8 associato al governo messicano, allo stato di Quintana Roo o a qualsiasi altra agenzia statale messicana.<\/p>\r\n\r\n\r\n\r\n<p>Questa \u00e8 un&#8217;attivit\u00e0 privata.<\/p>\r\n\r\n\r\n\r\n<p>La piattaforma \u00e8 gestita da, e qualsiasi corrispondenza deve essere indirizzata a:<\/p>\r\n\r\n\r\n\r\n<figure class=\"wp-block-image size-full\"><img loading=\"lazy\" decoding=\"async\" width=\"221\" height=\"142\" class=\"wp-image-275\" src=\"https:\/\/visitax.eu\/wp-content\/uploads\/2021\/07\/privacy2.jpg\" alt=\"\" \/><\/figure>\r\n\r\n\r\n\r\n<h2 class=\"wp-block-heading\"><strong>Varie<\/strong><\/h2>\r\n\r\n\r\n\r\n<p>Accetti automaticamente i nostri termini e condizioni ogni volta che accedi a questo sito.<\/p>\r\n\r\n\r\n\r\n<p>Ci riserviamo il diritto di cambiare o modificare questi termini e condizioni in qualsiasi momento e tali cambiamenti o modifiche saranno immediatamente effettivi.<\/p>\r\n\r\n\r\n\r\n<p>L&#8217;individuo che visita questo sito deve valutare eventuali modifiche ai termini e condizioni.<\/p>\r\n\r\n\r\n\r\n<h2 class=\"wp-block-heading\"><strong>Condizioni generali<\/strong><\/h2>\r\n\r\n\r\n\r\n<p>Accettando questi termini e condizioni, dichiari di essere maggiorenne nella tua nazione e stato.<\/p>\r\n\r\n\r\n\r\n<p>Accetti di utilizzare il nostro sito Web con l&#8217;accordo di chi ha latua patria potest\u00e1 se non sei maggiorenne.<\/p>\r\n\r\n\r\n\r\n<p>\u00c8 totalmente vietato utilizzare i nostri servizi in modo illegale o non autorizzato oin qualsiasi modo che violi le leggi della tua giurisdizione.<\/p>\r\n\r\n\r\n\r\n<p>Abbiamo il diritto di rifiutare l\u2019offerta del servizio in qualsiasi momento se riteniamo che le informazioni fornite siano fraudolente o ingannevoli.<\/p>\r\n\r\n\r\n\r\n<p>Poich\u00e9 si tratta di un reato, qualsiasi comportamento criminale comporter\u00e0 la cessazione del nostro impegno con te.<\/p>\r\n","protected":false},"excerpt":{"rendered":"<p>Ogni volta che visiti il nostro sito Web o effettui un acquisto da noi, stai utilizzando il nostro &#8220;Servizio&#8221; e accetti i nostri termini e condizioni (&#8220;Termini e condizioni&#8221;). I visitatori sono prontamente vincolati dai termini e dalle condizioni. Questi includono clienti, acquirenti, browser, autori di contenuti e chiunque altro utilizzi il sito web. I&#8230;<\/p>\n","protected":false},"author":1,"featured_media":0,"parent":0,"menu_order":0,"comment_status":"closed","ping_status":"closed","template":"","meta":{"_kad_blocks_custom_css":"","_kad_blocks_head_custom_js":"","_kad_blocks_body_custom_js":"","_kad_blocks_footer_custom_js":"","_kad_post_transparent":"default","_kad_post_title":"default","_kad_post_layout":"default","_kad_post_sidebar_id":"","_kad_post_content_style":"default","_kad_post_vertical_padding":"default","_kad_post_feature":"","_kad_post_feature_position":"","_kad_post_header":false,"_kad_post_footer":false,"_kad_post_classname":"","footnotes":""},"class_list":["post-280","page","type-page","status-publish","hentry"],"taxonomy_info":[],"featured_image_src_large":false,"author_info":{"display_name":"Brian Croley","author_link":"https:\/\/visitax.eu\/it\/author\/infovisitax-eu\/"},"comment_info":0,"_links":{"self":[{"href":"https:\/\/visitax.eu\/it\/wp-json\/wp\/v2\/pages\/280","targetHints":{"allow":["GET"]}}],"collection":[{"href":"https:\/\/visitax.eu\/it\/wp-json\/wp\/v2\/pages"}],"about":[{"href":"https:\/\/visitax.eu\/it\/wp-json\/wp\/v2\/types\/page"}],"author":[{"embeddable":true,"href":"https:\/\/visitax.eu\/it\/wp-json\/wp\/v2\/users\/1"}],"replies":[{"embeddable":true,"href":"https:\/\/visitax.eu\/it\/wp-json\/wp\/v2\/comments?post=280"}],"version-history":[{"count":0,"href":"https:\/\/visitax.eu\/it\/wp-json\/wp\/v2\/pages\/280\/revisions"}],"wp:attachment":[{"href":"https:\/\/visitax.eu\/it\/wp-json\/wp\/v2\/media?parent=280"}],"curies":[{"name":"wp","href":"https:\/\/api.w.org\/{rel}","templated":true}]}}