{"id":154,"date":"2021-07-15T21:26:03","date_gmt":"2021-07-15T21:26:03","guid":{"rendered":"https:\/\/visitax.eu\/?page_id=154"},"modified":"2024-09-18T12:18:52","modified_gmt":"2024-09-18T12:18:52","slug":"application","status":"publish","type":"page","link":"https:\/\/visitax.eu\/pt-pt\/application\/","title":{"rendered":"Formul\u00e1rio de aplica\u00e7\u00e3o"},"content":{"rendered":"<style>.kb-row-layout-id154_22fa34-09 > .kt-row-column-wrap{align-content:center;}:where(.kb-row-layout-id154_22fa34-09 > .kt-row-column-wrap) > .wp-block-kadence-column{justify-content:center;}.kb-row-layout-id154_22fa34-09 > .kt-row-column-wrap{column-gap:var(--global-kb-gap-md, 2rem);row-gap:var(--global-kb-gap-md, 2rem);max-width:var( --global-content-width, 1140px );padding-left:var(--global-content-edge-padding);padding-right:var(--global-content-edge-padding);padding-top:var(--global-kb-spacing-xs, 1rem);padding-bottom:var(--global-kb-spacing-xs, 1rem);grid-template-columns:minmax(0, 1fr);}.kb-row-layout-id154_22fa34-09{border-bottom:1px solid var(--global-palette7, #EDF2F7);}.kb-row-layout-id154_22fa34-09 > .kt-row-layout-overlay{opacity:0.30;}@media all and (max-width: 1024px){.kb-row-layout-id154_22fa34-09 > .kt-row-column-wrap{grid-template-columns:minmax(0, 1fr);}}@media all and (max-width: 1024px){.kb-row-layout-id154_22fa34-09{border-bottom:1px solid var(--global-palette7, #EDF2F7);}}@media all and (max-width: 767px){.kb-row-layout-id154_22fa34-09 > .kt-row-column-wrap{grid-template-columns:minmax(0, 1fr);}.kb-row-layout-id154_22fa34-09{border-bottom:1px solid var(--global-palette7, #EDF2F7);}}<\/style><div class=\"kb-row-layout-wrap kb-row-layout-id154_22fa34-09 alignnone wp-block-kadence-rowlayout\"><div class=\"kt-row-column-wrap kt-has-1-columns kt-row-layout-equal kt-tab-layout-inherit kt-mobile-layout-row kt-row-valign-middle kb-theme-content-width\">\n<style>.kadence-column154_fa395f-51 > .kt-inside-inner-col,.kadence-column154_fa395f-51 > .kt-inside-inner-col:before{border-top-left-radius:0px;border-top-right-radius:0px;border-bottom-right-radius:0px;border-bottom-left-radius:0px;}.kadence-column154_fa395f-51 > .kt-inside-inner-col{column-gap:var(--global-kb-gap-sm, 1rem);}.kadence-column154_fa395f-51 > .kt-inside-inner-col{flex-direction:column;}.kadence-column154_fa395f-51 > .kt-inside-inner-col > .aligncenter{width:100%;}.kadence-column154_fa395f-51 > .kt-inside-inner-col:before{opacity:0.3;}.kadence-column154_fa395f-51{position:relative;}@media all and (max-width: 1024px){.kadence-column154_fa395f-51 > .kt-inside-inner-col{flex-direction:column;justify-content:center;}}@media all and (max-width: 767px){.kadence-column154_fa395f-51 > .kt-inside-inner-col{display:flex;flex-direction:column;justify-content:center;align-items:center;}}<\/style>\n<div class=\"wp-block-kadence-column kadence-column154_fa395f-51 kb-section-sm-dir-vertical\"><div class=\"kt-inside-inner-col\"><div class=\"wp-block-site-logo\"><a href=\"https:\/\/visitax.eu\/pt-pt\/\" class=\"custom-logo-link\" rel=\"home\"><img loading=\"lazy\" decoding=\"async\" width=\"220\" height=\"104\" src=\"https:\/\/visitax.eu\/wp-content\/uploads\/2024\/05\/visitax-logo.png\" class=\"custom-logo\" alt=\"Visitax M\u00e9xico Cancun\" \/><\/a><\/div><\/div><\/div>\n\n<\/div><\/div>\n\n<style>.kb-row-layout-id154_e19056-02 > .kt-row-column-wrap{align-content:start;}:where(.kb-row-layout-id154_e19056-02 > .kt-row-column-wrap) > .wp-block-kadence-column{justify-content:start;}.kb-row-layout-id154_e19056-02 > .kt-row-column-wrap{column-gap:var(--global-kb-gap-md, 2rem);row-gap:var(--global-kb-gap-md, 2rem);max-width:var( --global-content-width, 1140px );padding-left:var(--global-content-edge-padding);padding-right:var(--global-content-edge-padding);padding-top:var(--global-kb-spacing-lg, 3rem);padding-bottom:var(--global-kb-spacing-lg, 3rem);grid-template-columns:minmax(0, 1fr);}.kb-row-layout-id154_e19056-02 > .kt-row-layout-overlay{opacity:0.30;}@media all and (max-width: 1024px){.kb-row-layout-id154_e19056-02 > .kt-row-column-wrap{grid-template-columns:minmax(0, 1fr);}}@media all and (max-width: 767px){.kb-row-layout-id154_e19056-02 > .kt-row-column-wrap{grid-template-columns:minmax(0, 1fr);}}<\/style><div class=\"kb-row-layout-wrap kb-row-layout-id154_e19056-02 alignnone wp-block-kadence-rowlayout\"><div class=\"kt-row-column-wrap kt-has-1-columns kt-row-layout-equal kt-tab-layout-inherit kt-mobile-layout-row kt-row-valign-top kb-theme-content-width\">\n<style>.kadence-column154_75a55f-42 > .kt-inside-inner-col,.kadence-column154_75a55f-42 > .kt-inside-inner-col:before{border-top-left-radius:0px;border-top-right-radius:0px;border-bottom-right-radius:0px;border-bottom-left-radius:0px;}.kadence-column154_75a55f-42 > .kt-inside-inner-col{column-gap:var(--global-kb-gap-sm, 1rem);}.kadence-column154_75a55f-42 > .kt-inside-inner-col{flex-direction:column;}.kadence-column154_75a55f-42 > .kt-inside-inner-col > .aligncenter{width:100%;}.kadence-column154_75a55f-42 > .kt-inside-inner-col:before{opacity:0.3;}.kadence-column154_75a55f-42{position:relative;}@media all and (max-width: 1024px){.kadence-column154_75a55f-42 > .kt-inside-inner-col{flex-direction:column;justify-content:center;}}@media all and (max-width: 767px){.kadence-column154_75a55f-42 > .kt-inside-inner-col{flex-direction:column;justify-content:center;}}<\/style>\n<div class=\"wp-block-kadence-column kadence-column154_75a55f-42\"><div class=\"kt-inside-inner-col\"><\/div><\/div>\n\n<\/div><\/div>\n\n<style>.kb-row-layout-id154_b8c011-4a > .kt-row-column-wrap{align-content:start;}:where(.kb-row-layout-id154_b8c011-4a > .kt-row-column-wrap) > .wp-block-kadence-column{justify-content:start;}.kb-row-layout-id154_b8c011-4a > .kt-row-column-wrap{column-gap:var(--global-kb-gap-md, 2rem);row-gap:var(--global-kb-gap-md, 2rem);padding-top:var(--global-kb-spacing-sm, 1.5rem);padding-bottom:var(--global-kb-spacing-sm, 1.5rem);grid-template-columns:minmax(0, 1fr);}.kb-row-layout-id154_b8c011-4a > .kt-row-layout-overlay{opacity:0.30;}@media all and (max-width: 1024px){.kb-row-layout-id154_b8c011-4a > .kt-row-column-wrap{grid-template-columns:minmax(0, 1fr);}}@media all and (max-width: 767px){.kb-row-layout-id154_b8c011-4a > .kt-row-column-wrap{grid-template-columns:minmax(0, 1fr);}}<\/style><div class=\"kb-row-layout-wrap kb-row-layout-id154_b8c011-4a alignnone wp-block-kadence-rowlayout\"><div class=\"kt-row-column-wrap kt-has-1-columns kt-row-layout-equal kt-tab-layout-inherit kt-mobile-layout-row kt-row-valign-top\">\n<style>.kadence-column154_96206b-54 > .kt-inside-inner-col,.kadence-column154_96206b-54 > .kt-inside-inner-col:before{border-top-left-radius:0px;border-top-right-radius:0px;border-bottom-right-radius:0px;border-bottom-left-radius:0px;}.kadence-column154_96206b-54 > .kt-inside-inner-col{column-gap:var(--global-kb-gap-sm, 1rem);}.kadence-column154_96206b-54 > .kt-inside-inner-col{flex-direction:column;}.kadence-column154_96206b-54 > .kt-inside-inner-col > .aligncenter{width:100%;}.kadence-column154_96206b-54 > .kt-inside-inner-col:before{opacity:0.3;}.kadence-column154_96206b-54{position:relative;}@media all and (max-width: 1024px){.kadence-column154_96206b-54 > .kt-inside-inner-col{flex-direction:column;justify-content:center;}}@media all and (max-width: 767px){.kadence-column154_96206b-54 > .kt-inside-inner-col{flex-direction:column;justify-content:center;}}<\/style>\n<div class=\"wp-block-kadence-column kadence-column154_96206b-54\"><div class=\"kt-inside-inner-col\"><style>.wp-block-kadence-advancedheading.kt-adv-heading154_2aa146-46, .wp-block-kadence-advancedheading.kt-adv-heading154_2aa146-46[data-kb-block=\"kb-adv-heading154_2aa146-46\"]{display:block;margin-bottom:var(--global-kb-spacing-xs, 1rem);text-align:center;font-size:var(--global-kb-font-size-sm, 0.9rem);font-style:normal;}.wp-block-kadence-advancedheading.kt-adv-heading154_2aa146-46 mark.kt-highlight, .wp-block-kadence-advancedheading.kt-adv-heading154_2aa146-46[data-kb-block=\"kb-adv-heading154_2aa146-46\"] mark.kt-highlight{font-style:normal;color:#f76a0c;-webkit-box-decoration-break:clone;box-decoration-break:clone;padding-top:0px;padding-right:0px;padding-bottom:0px;padding-left:0px;}.wp-block-kadence-advancedheading.kt-adv-heading154_2aa146-46 img.kb-inline-image, .wp-block-kadence-advancedheading.kt-adv-heading154_2aa146-46[data-kb-block=\"kb-adv-heading154_2aa146-46\"] img.kb-inline-image{width:150px;vertical-align:baseline;}<\/style>\n<span class=\"kt-adv-heading154_2aa146-46 wp-block-kadence-advancedheading\" data-kb-block=\"kb-adv-heading154_2aa146-46\">Visitax aprovado em seu e-mail em poucas horas ou reembolso de 100%<\/span>\n\n\n<style>.kb-row-layout-wrap.wp-block-kadence-rowlayout.kb-row-layout-id154_e6cdde-3f{margin-top:0px;}.kb-row-layout-id154_e6cdde-3f > .kt-row-column-wrap{align-content:start;}:where(.kb-row-layout-id154_e6cdde-3f > .kt-row-column-wrap) > .wp-block-kadence-column{justify-content:start;}.kb-row-layout-id154_e6cdde-3f > .kt-row-column-wrap{column-gap:var(--global-kb-gap-md, 2rem);row-gap:var(--global-kb-gap-md, 2rem);max-width:400px;margin-left:auto;margin-right:auto;padding-bottom:0px;grid-template-columns:minmax(0, calc(40% - ((var(--global-kb-gap-md, 2rem) * 2 )\/3)))minmax(0, calc(30% - ((var(--global-kb-gap-md, 2rem) * 2 )\/3)))minmax(0, calc(30% - ((var(--global-kb-gap-md, 2rem) * 2 )\/3)));}.kb-row-layout-id154_e6cdde-3f > .kt-row-layout-overlay{opacity:0.30;}@media all and (max-width: 1024px){.kb-row-layout-id154_e6cdde-3f > .kt-row-column-wrap > div:not(.added-for-specificity){grid-column:initial;}}@media all and (max-width: 1024px){.kb-row-layout-id154_e6cdde-3f > .kt-row-column-wrap{grid-template-columns:minmax(0, 1fr) minmax(0, 1fr) minmax(0, 2fr);}}@media all and (max-width: 767px){.kb-row-layout-id154_e6cdde-3f > .kt-row-column-wrap > div:not(.added-for-specificity){grid-column:initial;}.kb-row-layout-id154_e6cdde-3f > .kt-row-column-wrap{grid-template-columns:minmax(0, 1fr);}}<\/style><div class=\"kb-row-layout-wrap kb-row-layout-id154_e6cdde-3f alignnone wp-block-kadence-rowlayout\"><div class=\"kt-row-column-wrap kt-has-3-columns kt-row-layout-right-half kt-tab-layout-inherit kt-mobile-layout-row kt-row-valign-top\">\n<style>.kadence-column154_7514f0-12 > .kt-inside-inner-col{display:flex;}.kadence-column154_7514f0-12 > .kt-inside-inner-col,.kadence-column154_7514f0-12 > .kt-inside-inner-col:before{border-top-left-radius:0px;border-top-right-radius:0px;border-bottom-right-radius:0px;border-bottom-left-radius:0px;}.kadence-column154_7514f0-12 > .kt-inside-inner-col{column-gap:var(--global-kb-gap-sm, 1rem);}.kadence-column154_7514f0-12 > .kt-inside-inner-col{flex-direction:column;justify-content:center;align-items:flex-start;}.kadence-column154_7514f0-12 > .kt-inside-inner-col > .kb-image-is-ratio-size{align-self:stretch;}.kadence-column154_7514f0-12 > .kt-inside-inner-col > .wp-block-kadence-advancedgallery{align-self:stretch;}.kadence-column154_7514f0-12 > .kt-inside-inner-col > .aligncenter{width:100%;}.kt-row-column-wrap > .kadence-column154_7514f0-12{align-self:center;}.kt-inner-column-height-full:not(.kt-has-1-columns) > .wp-block-kadence-column.kadence-column154_7514f0-12{align-self:auto;}.kt-inner-column-height-full:not(.kt-has-1-columns) > .wp-block-kadence-column.kadence-column154_7514f0-12 > .kt-inside-inner-col{flex-direction:column;justify-content:center;}.kadence-column154_7514f0-12 > .kt-inside-inner-col:before{opacity:0.3;}.kadence-column154_7514f0-12{position:relative;}@media all and (max-width: 1024px){.kt-row-column-wrap > .kadence-column154_7514f0-12{align-self:center;}}@media all and (max-width: 1024px){.kt-inner-column-height-full:not(.kt-has-1-columns) > .wp-block-kadence-column.kadence-column154_7514f0-12{align-self:auto;}}@media all and (max-width: 1024px){.kt-inner-column-height-full:not(.kt-has-1-columns) > .wp-block-kadence-column.kadence-column154_7514f0-12 > .kt-inside-inner-col{flex-direction:column;justify-content:center;}}@media all and (max-width: 1024px){.kadence-column154_7514f0-12 > .kt-inside-inner-col{flex-direction:column;justify-content:center;align-items:flex-start;}}@media all and (max-width: 767px){.kt-row-column-wrap > .kadence-column154_7514f0-12{align-self:center;}.kt-inner-column-height-full:not(.kt-has-1-columns) > .wp-block-kadence-column.kadence-column154_7514f0-12{align-self:auto;}.kt-inner-column-height-full:not(.kt-has-1-columns) > .wp-block-kadence-column.kadence-column154_7514f0-12 > .kt-inside-inner-col{flex-direction:column;justify-content:center;}.kadence-column154_7514f0-12 > .kt-inside-inner-col{flex-direction:column;justify-content:center;align-items:center;}}<\/style>\n<div class=\"wp-block-kadence-column kadence-column154_7514f0-12\"><div class=\"kt-inside-inner-col\"><style>.kb-image154_00c773-89 .kb-image-has-overlay:after{opacity:0.3;}<\/style>\n<figure class=\"wp-block-kadence-image kb-image154_00c773-89 size-full\"><img loading=\"lazy\" decoding=\"async\" width=\"243\" height=\"47\" src=\"https:\/\/visitax.eu\/wp-content\/uploads\/2024\/05\/verified.png\" alt=\"\" class=\"kb-img wp-image-7177\"\/><\/figure>\n<\/div><\/div>\n\n\n<style>.kadence-column154_63b1a6-d6 > .kt-inside-inner-col{display:flex;}.kadence-column154_63b1a6-d6 > .kt-inside-inner-col,.kadence-column154_63b1a6-d6 > .kt-inside-inner-col:before{border-top-left-radius:0px;border-top-right-radius:0px;border-bottom-right-radius:0px;border-bottom-left-radius:0px;}.kadence-column154_63b1a6-d6 > .kt-inside-inner-col{column-gap:var(--global-kb-gap-sm, 1rem);}.kadence-column154_63b1a6-d6 > .kt-inside-inner-col{flex-direction:column;justify-content:center;align-items:flex-start;}.kadence-column154_63b1a6-d6 > .kt-inside-inner-col > .kb-image-is-ratio-size{align-self:stretch;}.kadence-column154_63b1a6-d6 > .kt-inside-inner-col > .wp-block-kadence-advancedgallery{align-self:stretch;}.kadence-column154_63b1a6-d6 > .kt-inside-inner-col > .aligncenter{width:100%;}.kt-row-column-wrap > .kadence-column154_63b1a6-d6{align-self:center;}.kt-inner-column-height-full:not(.kt-has-1-columns) > .wp-block-kadence-column.kadence-column154_63b1a6-d6{align-self:auto;}.kt-inner-column-height-full:not(.kt-has-1-columns) > .wp-block-kadence-column.kadence-column154_63b1a6-d6 > .kt-inside-inner-col{flex-direction:column;justify-content:center;}.kadence-column154_63b1a6-d6 > .kt-inside-inner-col:before{opacity:0.3;}.kadence-column154_63b1a6-d6{position:relative;}@media all and (max-width: 1024px){.kt-row-column-wrap > .kadence-column154_63b1a6-d6{align-self:center;}}@media all and (max-width: 1024px){.kt-inner-column-height-full:not(.kt-has-1-columns) > .wp-block-kadence-column.kadence-column154_63b1a6-d6{align-self:auto;}}@media all and (max-width: 1024px){.kt-inner-column-height-full:not(.kt-has-1-columns) > .wp-block-kadence-column.kadence-column154_63b1a6-d6 > .kt-inside-inner-col{flex-direction:column;justify-content:center;}}@media all and (max-width: 1024px){.kadence-column154_63b1a6-d6 > .kt-inside-inner-col{flex-direction:column;justify-content:center;align-items:flex-start;}}@media all and (max-width: 767px){.kt-row-column-wrap > .kadence-column154_63b1a6-d6{align-self:center;}.kt-inner-column-height-full:not(.kt-has-1-columns) > .wp-block-kadence-column.kadence-column154_63b1a6-d6{align-self:auto;}.kt-inner-column-height-full:not(.kt-has-1-columns) > .wp-block-kadence-column.kadence-column154_63b1a6-d6 > .kt-inside-inner-col{flex-direction:column;justify-content:center;}.kadence-column154_63b1a6-d6 > .kt-inside-inner-col{flex-direction:column;justify-content:center;align-items:center;}}<\/style>\n<div class=\"wp-block-kadence-column kadence-column154_63b1a6-d6\"><div class=\"kt-inside-inner-col\">\n<!-- (c) 2005, 2019. Authorize.Net is a registered trademark of CyberSource Corporation --> \r\n<div class=\"AuthorizeNetSeal\" style=\"display:inline-block;\"> <script type=\"text\/javascript\" language=\"javascript\">var ANS_customer_id=\"26cea2f1-5dc3-4a3c-b079-81ecba7c02cc\";<\/script> <script type=\"text\/javascript\" language=\"javascript\" src=\"\/\/verify.authorize.net:443\/anetseal\/seal.js\" ><\/script> <\/div>\n<\/div><\/div>\n\n\n<style>.kadence-column154_dc7315-4f > .kt-inside-inner-col,.kadence-column154_dc7315-4f > .kt-inside-inner-col:before{border-top-left-radius:0px;border-top-right-radius:0px;border-bottom-right-radius:0px;border-bottom-left-radius:0px;}.kadence-column154_dc7315-4f > .kt-inside-inner-col{column-gap:var(--global-kb-gap-sm, 1rem);}.kadence-column154_dc7315-4f > .kt-inside-inner-col{flex-direction:column;}.kadence-column154_dc7315-4f > .kt-inside-inner-col > .aligncenter{width:100%;}.kadence-column154_dc7315-4f > .kt-inside-inner-col:before{opacity:0.3;}.kadence-column154_dc7315-4f{position:relative;}@media all and (max-width: 1024px){.kadence-column154_dc7315-4f > .kt-inside-inner-col{flex-direction:column;justify-content:center;}}@media all and (max-width: 767px){.kadence-column154_dc7315-4f > .kt-inside-inner-col{display:flex;flex-direction:column;justify-content:center;align-items:center;}}<\/style>\n<div class=\"wp-block-kadence-column kadence-column154_dc7315-4f\"><div class=\"kt-inside-inner-col\"><style>.kb-image154_9aa335-81.kb-image-is-ratio-size, .kb-image154_9aa335-81 .kb-image-is-ratio-size{max-width:80px;width:100%;}.wp-block-kadence-column > .kt-inside-inner-col > .kb-image154_9aa335-81.kb-image-is-ratio-size, .wp-block-kadence-column > .kt-inside-inner-col > .kb-image154_9aa335-81 .kb-image-is-ratio-size{align-self:unset;}.kb-image154_9aa335-81{max-width:80px;}.image-is-svg.kb-image154_9aa335-81{-webkit-flex:0 1 100%;flex:0 1 100%;}.image-is-svg.kb-image154_9aa335-81 img{width:100%;}.kb-image154_9aa335-81 .kb-image-has-overlay:after{opacity:0.3;}<\/style>\n<figure class=\"wp-block-kadence-image kb-image154_9aa335-81 size-full\"><img loading=\"lazy\" decoding=\"async\" width=\"800\" height=\"800\" src=\"https:\/\/visitax.eu\/wp-content\/uploads\/2024\/05\/100-guarantee.jpg\" alt=\"\" class=\"kb-img wp-image-7126\" srcset=\"https:\/\/visitax.eu\/wp-content\/uploads\/2024\/05\/100-guarantee.jpg 800w, https:\/\/visitax.eu\/wp-content\/uploads\/2024\/05\/100-guarantee-300x300.jpg 300w, https:\/\/visitax.eu\/wp-content\/uploads\/2024\/05\/100-guarantee-150x150.jpg 150w, https:\/\/visitax.eu\/wp-content\/uploads\/2024\/05\/100-guarantee-768x768.jpg 768w\" sizes=\"auto, (max-width: 800px) 100vw, 800px\" \/><\/figure>\n<\/div><\/div>\n\n<\/div><\/div><\/div><\/div>\n\n<\/div><\/div>","protected":false},"excerpt":{"rendered":"<p>Visitax aprovado em seu e-mail em poucas horas ou reembolso de 100%<\/p>\n","protected":false},"author":1,"featured_media":0,"parent":0,"menu_order":0,"comment_status":"closed","ping_status":"closed","template":"","meta":{"_kad_blocks_custom_css":"","_kad_blocks_head_custom_js":"","_kad_blocks_body_custom_js":"","_kad_blocks_footer_custom_js":"","_kad_post_transparent":"default","_kad_post_title":"hide","_kad_post_layout":"fullwidth","_kad_post_sidebar_id":"","_kad_post_content_style":"default","_kad_post_vertical_padding":"default","_kad_post_feature":"","_kad_post_feature_position":"","_kad_post_header":true,"_kad_post_footer":true,"_kad_post_classname":"","footnotes":""},"class_list":["post-154","page","type-page","status-publish","hentry"],"taxonomy_info":[],"featured_image_src_large":false,"author_info":{"display_name":"Brian Croley","author_link":"https:\/\/visitax.eu\/pt-pt\/author\/infovisitax-eu\/"},"comment_info":0,"_links":{"self":[{"href":"https:\/\/visitax.eu\/pt-pt\/wp-json\/wp\/v2\/pages\/154","targetHints":{"allow":["GET"]}}],"collection":[{"href":"https:\/\/visitax.eu\/pt-pt\/wp-json\/wp\/v2\/pages"}],"about":[{"href":"https:\/\/visitax.eu\/pt-pt\/wp-json\/wp\/v2\/types\/page"}],"author":[{"embeddable":true,"href":"https:\/\/visitax.eu\/pt-pt\/wp-json\/wp\/v2\/users\/1"}],"replies":[{"embeddable":true,"href":"https:\/\/visitax.eu\/pt-pt\/wp-json\/wp\/v2\/comments?post=154"}],"version-history":[{"count":0,"href":"https:\/\/visitax.eu\/pt-pt\/wp-json\/wp\/v2\/pages\/154\/revisions"}],"wp:attachment":[{"href":"https:\/\/visitax.eu\/pt-pt\/wp-json\/wp\/v2\/media?parent=154"}],"curies":[{"name":"wp","href":"https:\/\/api.w.org\/{rel}","templated":true}]}}